{"id":12,"date":"2018-10-08T14:41:47","date_gmt":"2018-10-08T14:41:47","guid":{"rendered":"https:\/\/doris-schemmel.de\/?page_id=12"},"modified":"2021-04-12T11:12:55","modified_gmt":"2021-04-12T11:12:55","slug":"ein-startseiten-abschnitt","status":"publish","type":"page","link":"https:\/\/doris-schemmel.de\/","title":{"rendered":"Doris Schemmel &#8211; Lektorat und Korrektorat"},"content":{"rendered":"<p><img loading=\"lazy\" decoding=\"async\" class=\"wp-image-28 alignleft\" src=\"https:\/\/doris-schemmel.de\/wp-content\/uploads\/2018\/10\/Doris_Schemmel_Lektorin-300x200.jpeg\" alt=\"Doris Schemmel Lektorat &amp; Korrektorat\" width=\"424\" height=\"283\" srcset=\"https:\/\/doris-schemmel.de\/wp-content\/uploads\/2018\/10\/Doris_Schemmel_Lektorin-300x200.jpeg 300w, https:\/\/doris-schemmel.de\/wp-content\/uploads\/2018\/10\/Doris_Schemmel_Lektorin-768x511.jpeg 768w, https:\/\/doris-schemmel.de\/wp-content\/uploads\/2018\/10\/Doris_Schemmel_Lektorin-1024x681.jpeg 1024w, https:\/\/doris-schemmel.de\/wp-content\/uploads\/2018\/10\/Doris_Schemmel_Lektorin-624x415.jpeg 624w\" sizes=\"auto, (max-width: 424px) 100vw, 424px\" \/><span style=\"color: #333333;\">Ihr Text ist gut, aber noch nicht gut genug? Kein Problem!<\/span><\/p>\n<p><span style=\"color: #333333;\">Als ausgebildete Lektorin mit \u00fcber 20 Jahren Berufserfahrung biete ich Ihnen kompetente Unterst\u00fctzung auf allen Ebenen der Textproduktion. Ob Formulierungshilfe, intensives Lektorat oder penibles Korrektorat &#8211; bei mir ist Ihr Text in guten H\u00e4nden.<\/span><\/p>\n<p><span style=\"color: #333333;\">Ich biete Ihnen das <a href=\"https:\/\/doris-schemmel.de\/index.php\/lektorrat\/\">Lektorat<\/a> f\u00fcr Sach- und Fachb\u00fccher, f\u00fcr wissenschaftliche Texte, Ausstellungstexte, Brosch\u00fcren, Flyer oder sonstige Gebrauchstexte. Aus dem Englischen, Russischen und Franz\u00f6sischen \u00fcbernehme ich Ihre \u00dcbersetzungslektorate. Au\u00dferdem lese ich <\/span><span style=\"color: #333333;\"><a href=\"https:\/\/doris-schemmel.de\/index.php\/korrektorat\/\">Korrekturen<\/a>\u00a0f\u00fcr jede Art von Text. Professionell, schnell und mit dem n\u00f6tigen Feingef\u00fchl f\u00fcr die Besonderheiten Ihres Textes.<\/span><\/p>\n<p><span style=\"color: #333333;\">Vertrauen Sie &#8211; wie auch viele meiner langj\u00e4hrigen Kunden und Kundinnen &#8211; meiner Expertise und meiner Erfahrung, verlassen Sie sich auf meine Diskretion und meine Termintreue.<\/span><\/p>\n<p><a href=\"https:\/\/doris-schemmel.de\/index.php\/kontakt\/\">Rufen Sie gerne an<\/a> oder schreiben Sie eine <a href=\"https:\/\/doris-schemmel.de\/index.php\/kontakt\/\">E-Mail<\/a>! Ich freue mich auf Ihre Nachricht!<\/p>\n","protected":false},"excerpt":{"rendered":"<p>Ihr Text ist gut, aber noch nicht gut genug? Kein Problem! Als ausgebildete Lektorin mit \u00fcber 20 Jahren Berufserfahrung biete ich Ihnen kompetente Unterst\u00fctzung auf allen Ebenen der Textproduktion. Ob Formulierungshilfe, intensives Lektorat oder penibles Korrektorat &#8211; bei mir ist Ihr Text in guten H\u00e4nden. Ich biete Ihnen das Lektorat f\u00fcr Sach- und Fachb\u00fccher, f\u00fcr [&hellip;]<\/p>\n","protected":false},"author":1,"featured_media":0,"parent":0,"menu_order":0,"comment_status":"closed","ping_status":"closed","template":"","meta":{"footnotes":""},"class_list":["post-12","page","type-page","status-publish","hentry"],"yoast_head":"<!-- This site is optimized with the Yoast SEO plugin v27.4 - https:\/\/yoast.com\/product\/yoast-seo-wordpress\/ -->\n<title>Doris Schemmel \u2013 Freie Lektorin Berlin | Lektorat und Korrektorat<\/title>\n<meta name=\"description\" content=\"Ich \u00fcbernehme das Lektorat und Korrektorat von Sach- und Fachb\u00fcchern, wissenschaftlichen Texten und Gebrauchstexten: kompetent \u2013 zuverl\u00e4ssig \u2013 p\u00fcnktlich.\" \/>\n<meta name=\"robots\" content=\"index, follow, max-snippet:-1, max-image-preview:large, max-video-preview:-1\" \/>\n<link rel=\"canonical\" href=\"https:\/\/doris-schemmel.de\/\" \/>\n<meta property=\"og:locale\" content=\"de_DE\" \/>\n<meta property=\"og:type\" content=\"article\" \/>\n<meta property=\"og:title\" content=\"Doris Schemmel \u2013 Freie Lektorin Berlin | Lektorat und Korrektorat\" \/>\n<meta property=\"og:description\" content=\"Ich \u00fcbernehme das Lektorat und Korrektorat von Sach- und Fachb\u00fcchern, wissenschaftlichen Texten und Gebrauchstexten: kompetent \u2013 zuverl\u00e4ssig \u2013 p\u00fcnktlich.\" \/>\n<meta property=\"og:url\" content=\"https:\/\/doris-schemmel.de\/\" \/>\n<meta property=\"og:site_name\" content=\"Doris Schemmel\" \/>\n<meta property=\"article:modified_time\" content=\"2021-04-12T11:12:55+00:00\" \/>\n<meta property=\"og:image\" content=\"https:\/\/doris-schemmel.de\/wp-content\/uploads\/2018\/10\/Doris_Schemmel_Lektorin-300x200.jpeg\" \/>\n<meta name=\"twitter:card\" content=\"summary_large_image\" \/>\n<meta name=\"twitter:label1\" content=\"Gesch\u00e4tzte Lesezeit\" \/>\n\t<meta name=\"twitter:data1\" content=\"1\u00a0Minute\" \/>\n<script type=\"application\/ld+json\" class=\"yoast-schema-graph\">{\"@context\":\"https:\\\/\\\/schema.org\",\"@graph\":[{\"@type\":\"WebPage\",\"@id\":\"https:\\\/\\\/doris-schemmel.de\\\/\",\"url\":\"https:\\\/\\\/doris-schemmel.de\\\/\",\"name\":\"Doris Schemmel \u2013 Freie Lektorin Berlin | Lektorat und Korrektorat\",\"isPartOf\":{\"@id\":\"https:\\\/\\\/doris-schemmel.de\\\/#website\"},\"primaryImageOfPage\":{\"@id\":\"https:\\\/\\\/doris-schemmel.de\\\/#primaryimage\"},\"image\":{\"@id\":\"https:\\\/\\\/doris-schemmel.de\\\/#primaryimage\"},\"thumbnailUrl\":\"https:\\\/\\\/doris-schemmel.de\\\/wp-content\\\/uploads\\\/2018\\\/10\\\/Doris_Schemmel_Lektorin-300x200.jpeg\",\"datePublished\":\"2018-10-08T14:41:47+00:00\",\"dateModified\":\"2021-04-12T11:12:55+00:00\",\"description\":\"Ich \u00fcbernehme das Lektorat und Korrektorat von Sach- und Fachb\u00fcchern, wissenschaftlichen Texten und Gebrauchstexten: kompetent \u2013 zuverl\u00e4ssig \u2013 p\u00fcnktlich.\",\"breadcrumb\":{\"@id\":\"https:\\\/\\\/doris-schemmel.de\\\/#breadcrumb\"},\"inLanguage\":\"de\",\"potentialAction\":[{\"@type\":\"ReadAction\",\"target\":[\"https:\\\/\\\/doris-schemmel.de\\\/\"]}]},{\"@type\":\"ImageObject\",\"inLanguage\":\"de\",\"@id\":\"https:\\\/\\\/doris-schemmel.de\\\/#primaryimage\",\"url\":\"https:\\\/\\\/doris-schemmel.de\\\/wp-content\\\/uploads\\\/2018\\\/10\\\/Doris_Schemmel_Lektorin.jpeg\",\"contentUrl\":\"https:\\\/\\\/doris-schemmel.de\\\/wp-content\\\/uploads\\\/2018\\\/10\\\/Doris_Schemmel_Lektorin.jpeg\",\"width\":4256,\"height\":2832,\"caption\":\"Doris Schemmel Lektorat & Korrektorat\"},{\"@type\":\"BreadcrumbList\",\"@id\":\"https:\\\/\\\/doris-schemmel.de\\\/#breadcrumb\",\"itemListElement\":[{\"@type\":\"ListItem\",\"position\":1,\"name\":\"Home\",\"item\":\"https:\\\/\\\/doris-schemmel.de\\\/\"},{\"@type\":\"ListItem\",\"position\":2,\"name\":\"Doris Schemmel &#8211; Lektorat und Korrektorat\"}]},{\"@type\":\"WebSite\",\"@id\":\"https:\\\/\\\/doris-schemmel.de\\\/#website\",\"url\":\"https:\\\/\\\/doris-schemmel.de\\\/\",\"name\":\"Doris Schemmel\",\"description\":\"Freie Lektorin\",\"potentialAction\":[{\"@type\":\"SearchAction\",\"target\":{\"@type\":\"EntryPoint\",\"urlTemplate\":\"https:\\\/\\\/doris-schemmel.de\\\/?s={search_term_string}\"},\"query-input\":{\"@type\":\"PropertyValueSpecification\",\"valueRequired\":true,\"valueName\":\"search_term_string\"}}],\"inLanguage\":\"de\"}]}<\/script>\n<!-- \/ Yoast SEO plugin. -->","yoast_head_json":{"title":"Doris Schemmel \u2013 Freie Lektorin Berlin | Lektorat und Korrektorat","description":"Ich \u00fcbernehme das Lektorat und Korrektorat von Sach- und Fachb\u00fcchern, wissenschaftlichen Texten und Gebrauchstexten: kompetent \u2013 zuverl\u00e4ssig \u2013 p\u00fcnktlich.","robots":{"index":"index","follow":"follow","max-snippet":"max-snippet:-1","max-image-preview":"max-image-preview:large","max-video-preview":"max-video-preview:-1"},"canonical":"https:\/\/doris-schemmel.de\/","og_locale":"de_DE","og_type":"article","og_title":"Doris Schemmel \u2013 Freie Lektorin Berlin | Lektorat und Korrektorat","og_description":"Ich \u00fcbernehme das Lektorat und Korrektorat von Sach- und Fachb\u00fcchern, wissenschaftlichen Texten und Gebrauchstexten: kompetent \u2013 zuverl\u00e4ssig \u2013 p\u00fcnktlich.","og_url":"https:\/\/doris-schemmel.de\/","og_site_name":"Doris Schemmel","article_modified_time":"2021-04-12T11:12:55+00:00","og_image":[{"url":"https:\/\/doris-schemmel.de\/wp-content\/uploads\/2018\/10\/Doris_Schemmel_Lektorin-300x200.jpeg","type":"","width":"","height":""}],"twitter_card":"summary_large_image","twitter_misc":{"Gesch\u00e4tzte Lesezeit":"1\u00a0Minute"},"schema":{"@context":"https:\/\/schema.org","@graph":[{"@type":"WebPage","@id":"https:\/\/doris-schemmel.de\/","url":"https:\/\/doris-schemmel.de\/","name":"Doris Schemmel \u2013 Freie Lektorin Berlin | Lektorat und Korrektorat","isPartOf":{"@id":"https:\/\/doris-schemmel.de\/#website"},"primaryImageOfPage":{"@id":"https:\/\/doris-schemmel.de\/#primaryimage"},"image":{"@id":"https:\/\/doris-schemmel.de\/#primaryimage"},"thumbnailUrl":"https:\/\/doris-schemmel.de\/wp-content\/uploads\/2018\/10\/Doris_Schemmel_Lektorin-300x200.jpeg","datePublished":"2018-10-08T14:41:47+00:00","dateModified":"2021-04-12T11:12:55+00:00","description":"Ich \u00fcbernehme das Lektorat und Korrektorat von Sach- und Fachb\u00fcchern, wissenschaftlichen Texten und Gebrauchstexten: kompetent \u2013 zuverl\u00e4ssig \u2013 p\u00fcnktlich.","breadcrumb":{"@id":"https:\/\/doris-schemmel.de\/#breadcrumb"},"inLanguage":"de","potentialAction":[{"@type":"ReadAction","target":["https:\/\/doris-schemmel.de\/"]}]},{"@type":"ImageObject","inLanguage":"de","@id":"https:\/\/doris-schemmel.de\/#primaryimage","url":"https:\/\/doris-schemmel.de\/wp-content\/uploads\/2018\/10\/Doris_Schemmel_Lektorin.jpeg","contentUrl":"https:\/\/doris-schemmel.de\/wp-content\/uploads\/2018\/10\/Doris_Schemmel_Lektorin.jpeg","width":4256,"height":2832,"caption":"Doris Schemmel Lektorat & Korrektorat"},{"@type":"BreadcrumbList","@id":"https:\/\/doris-schemmel.de\/#breadcrumb","itemListElement":[{"@type":"ListItem","position":1,"name":"Home","item":"https:\/\/doris-schemmel.de\/"},{"@type":"ListItem","position":2,"name":"Doris Schemmel &#8211; Lektorat und Korrektorat"}]},{"@type":"WebSite","@id":"https:\/\/doris-schemmel.de\/#website","url":"https:\/\/doris-schemmel.de\/","name":"Doris Schemmel","description":"Freie Lektorin","potentialAction":[{"@type":"SearchAction","target":{"@type":"EntryPoint","urlTemplate":"https:\/\/doris-schemmel.de\/?s={search_term_string}"},"query-input":{"@type":"PropertyValueSpecification","valueRequired":true,"valueName":"search_term_string"}}],"inLanguage":"de"}]}},"_links":{"self":[{"href":"https:\/\/doris-schemmel.de\/index.php\/wp-json\/wp\/v2\/pages\/12","targetHints":{"allow":["GET"]}}],"collection":[{"href":"https:\/\/doris-schemmel.de\/index.php\/wp-json\/wp\/v2\/pages"}],"about":[{"href":"https:\/\/doris-schemmel.de\/index.php\/wp-json\/wp\/v2\/types\/page"}],"author":[{"embeddable":true,"href":"https:\/\/doris-schemmel.de\/index.php\/wp-json\/wp\/v2\/users\/1"}],"replies":[{"embeddable":true,"href":"https:\/\/doris-schemmel.de\/index.php\/wp-json\/wp\/v2\/comments?post=12"}],"version-history":[{"count":75,"href":"https:\/\/doris-schemmel.de\/index.php\/wp-json\/wp\/v2\/pages\/12\/revisions"}],"predecessor-version":[{"id":377,"href":"https:\/\/doris-schemmel.de\/index.php\/wp-json\/wp\/v2\/pages\/12\/revisions\/377"}],"wp:attachment":[{"href":"https:\/\/doris-schemmel.de\/index.php\/wp-json\/wp\/v2\/media?parent=12"}],"curies":[{"name":"wp","href":"https:\/\/api.w.org\/{rel}","templated":true}]}}